{"id":8496,"date":"2019-09-18T11:46:13","date_gmt":"2019-09-18T09:46:13","guid":{"rendered":"https:\/\/www.ecole-de-langues-orleans.com\/notre-organisme-formations-langues-orleans-pour-les-professionnels\/"},"modified":"2026-03-26T14:29:00","modified_gmt":"2026-03-26T13:29:00","slug":"notre-organisme-formations-langues-orleans-pour-les-professionnels","status":"publish","type":"page","link":"https:\/\/www.ecole-de-langues-orleans.com\/en\/notre-organisme-formations-langues-orleans-pour-les-professionnels\/","title":{"rendered":"About us"},"content":{"rendered":"<p>[vc_row css=&#8221;.vc_custom_1568808158785{padding-top: 50px !important;padding-bottom: 50px !important;background-color: #ae9262 !important;}&#8221; el_class=&#8221;bg-brown&#8221;][vc_column][vc_row_inner][vc_column_inner width=&#8221;1\/6&#8243;][vc_single_image image=&#8221;9781&#8243; img_size=&#8221;medium&#8221;][\/vc_column_inner][vc_column_inner width=&#8221;4\/6&#8243;][vc_column_text]<\/p>\n<h4 style=\"text-align: center;\"><strong>PRESTIGE INTERLANGUAGE is a language school located in Orl\u00e9ans (Loiret) and is fully accredited by\u00a0 <span style=\"color: #000080;\">QUALIOPI<\/span> . We specialize in providing tailored language learning solutions to professionals and adults.<\/strong><\/h4>\n<p style=\"text-align: center;\">Prestige Interlangauge has the ability to receive students with disabilities or, if necessary, can re-direct them to adapted organisations, associations.<\/p>\n<p style=\"text-align: center;\">(The public register of accessibility may be consulted at our secretariat)<\/p>\n<p>&nbsp;<\/p>\n<p style=\"text-align: center;\">Our range of courses includes individual (one-to-one), in pairs, in groups and intensive lessons. We also provide coaching for business presentations in foreign languages.<\/p>\n<p style=\"text-align: center;\">Our language programmes include: English, German, Spanish, Chinese, Russian, Japanese, Italian, Portuguese, Dutch, and French as a foreign language.<\/p>\n<p style=\"text-align: center;\">PRESTIGE INTERLANGUAGE runs refresher courses and literacy courses for French-speaking people.<\/p>\n<h2><\/h2>\n<p>[\/vc_column_text][vc_column_text][\/vc_column_text][\/vc_column_inner][vc_column_inner width=&#8221;1\/6&#8243;][vc_single_image image=&#8221;9824&#8243;][vc_single_image image=&#8221;9925&#8243;][\/vc_column_inner][\/vc_row_inner][\/vc_column][\/vc_row][vc_row css=&#8221;.vc_custom_1568808167045{padding-top: 50px !important;}&#8221;][vc_column width=&#8221;1\/6&#8243;][\/vc_column][vc_column width=&#8221;2\/6&#8243;][vc_column_text]<\/p>\n<h3><strong>A qualified and experienced team<\/strong><\/h3>\n<p>[\/vc_column_text][vc_column_text]A trilingual management with several years of working experience in multinational companies in France and abroad. Experience in management and analysis of students training needs and objectives\u00a0whatever their industry or their occupation.<\/p>\n<p>Qualified and experienced native teachers : Our teaching team includes English, American, Spanish, German, Japanese, Chinese, Italian, Russian, Portuguese and French teachers.<\/p>\n<p>[\/vc_column_text][\/vc_column][vc_column width=&#8221;2\/6&#8243;][vc_single_image image=&#8221;5034&#8243; img_size=&#8221;full&#8221;][\/vc_column][vc_column width=&#8221;1\/6&#8243;][\/vc_column][\/vc_row][vc_row][vc_column width=&#8221;1\/6&#8243;][\/vc_column][vc_column width=&#8221;2\/6&#8243;][vc_single_image image=&#8221;306&#8243; img_size=&#8221;full&#8221;][vc_single_image image=&#8221;4968&#8243; img_size=&#8221;full&#8221;][\/vc_column][vc_column width=&#8221;2\/6&#8243;][vc_column_text]<\/p>\n<h3>A comprehensive, dynamic and effective methodology<\/h3>\n<p>[\/vc_column_text][vc_column_text]We use a communicative approach with emphasis on real-life situations to help learners improve their understanding of grammar, vocabulary and idioms<\/p>\n<ul>\n<li>Active participation of students\u00a0through specific real-life situations, role-plays and fun activities. You learn to speak and to practise the language and therefore make quick progress.<\/li>\n<li>Priority to oral communication: our courses are tailored to maximise interaction in order to help you overcome the fear of expressing yourself in the chosen foreign language. You develop your communicative abilities.<\/li>\n<li>Total immersion in a linguistic environment \u2013 you finally speak a foreign language\u00a0: English, Spanish, Chinese, German, Italian, Russian, Portuguese \u2026<\/li>\n<\/ul>\n<p>&nbsp;<\/p>\n<p>Our courses are flexible and whether you choose an intensive or an extensive learning programme, our methodology is based on a dynamic, innovative and effective approach. You learn whilst having fun ![\/vc_column_text][\/vc_column][vc_column width=&#8221;1\/6&#8243;][\/vc_column][\/vc_row][vc_row][vc_column width=&#8221;1\/6&#8243;][\/vc_column][vc_column width=&#8221;2\/6&#8243;][vc_column_text]<\/p>\n<h3>Individual assessment of current level of language and tailored training\u00a0courses<\/h3>\n<p>[\/vc_column_text][vc_column_text]Before you start your course, we assess your current level of proficiency in the chosen language. This is a key part of the training to target individual needs and to set achievable training objectives.\u00a0 Regular monitoring of progress is done throughout the training.<\/p>\n<p>Depending on the funding method of your training and on your personal situation we require approximately 8 days to establish a training programme.<\/p>\n<p>For information, and depending on the training course and its number of hours, the average cost may vary from 1005\u20ac to 3795\u20ac (exemple 15H to 60H).<\/p>\n<p>Your training can be fully or partially funded by your \u00ab\u00a0training individual account\u00a0\u00bb. Please contact us for more information.[\/vc_column_text][\/vc_column][vc_column width=&#8221;2\/6&#8243;][vc_single_image image=&#8221;4736&#8243; img_size=&#8221;full&#8221;][\/vc_column][vc_column width=&#8221;1\/6&#8243;][\/vc_column][\/vc_row][vc_row css=&#8221;.vc_custom_1568808175204{border-bottom-width: 50px !important;}&#8221;][vc_column width=&#8221;1\/6&#8243;][\/vc_column][vc_column width=&#8221;2\/6&#8243;][vc_single_image image=&#8221;5008&#8243; img_size=&#8221;medium&#8221;][vc_single_image image=&#8221;5011&#8243; img_size=&#8221;medium&#8221;][vc_single_image image=&#8221;12044&#8243; img_size=&#8221;medium&#8221;][\/vc_column][vc_column width=&#8221;2\/6&#8243;][vc_column_text]<\/p>\n<h3>Our commitment<\/h3>\n<p>[\/vc_column_text][vc_column_text]PRESTIGE INTERLANGUAGE is committed to providing top-quality services and to establishing a lasting partnership with you!<\/p>\n<p><strong>PRESTIGE INTERLANGUAGE in a few figures (2025):<\/strong><\/p>\n<ul>\n<li>98% of students are satisfied with their training,<\/li>\n<\/ul>\n<ul>\n<li>72 certifying tests throughout the year (TOEIC, CLOE, LILATE, BRIGHT&#8230;)<\/li>\n<li>29 TOEIC\u00a0:<\/li>\n<\/ul>\n<p>15% score &gt; 785 (Level B2)<br \/>\n48% score &gt;750<br \/>\n1 trainee out of 2\u00a0acheived Level between B1 and B2<br \/>\nAverage score 578 (Level B1)<\/p>\n<ul>\n<li>84% progress, performance (adequacy of predefined objectives and results)<\/li>\n<li>99% satisfaction with the adaptation of the lessons according to the objectives.<\/li>\n<li>99% of students are very satisfied with the welcoming environment, the administrative follow-up, the friendly atmosphere and the premises.<\/li>\n<li>Recommendation level\u00a0: 100%!<\/li>\n<\/ul>\n<p>[\/vc_column_text][vc_column_text]<strong><em>Prestige\u00a0Interlanguage, the reference school for language learning in Orl\u00e9ans and the Centre Region of France!<\/em><\/strong>[\/vc_column_text][vc_column_text]<span style=\"color: #962f34;\">&#8220;Our vocation is to identify your needs in terms of language improvement. We are committed to creating customized and relevant language training, helping you not just to achieve your business and personal objectives but to surpass them !&#8221;<\/span>[\/vc_column_text][\/vc_column][vc_column width=&#8221;1\/6&#8243;][\/vc_column][\/vc_row]<\/p>\n","protected":false},"excerpt":{"rendered":"<p>[vc_row css=&#8221;.vc_custom_1568808158785{padding-top: 50px !important;padding-bottom: 50px !important;background-color: #ae9262 !important;}&#8221; el_class=&#8221;bg-brown&#8221;][vc_column][vc_row_inner][vc_column_inner width=&#8221;1\/6&#8243;][vc_single_image image=&#8221;9781&#8243; img_size=&#8221;medium&#8221;][\/vc_column_inner][vc_column_inner width=&#8221;4\/6&#8243;][vc_column_text] PRESTIGE INTERLANGUAGE is a language school located in Orl\u00e9ans (Loiret) and is fully accredited by\u00a0 QUALIOPI . We specialize in providing tailored language learning solutions to professionals and adults. Prestige Interlangauge has the ability to receive students with disabilities or, if necessary, [&#8230;]<\/p>\n","protected":false},"author":2,"featured_media":0,"parent":0,"menu_order":0,"comment_status":"closed","ping_status":"closed","template":"","meta":{"_acf_changed":false,"footnotes":""},"class_list":["post-8496","page","type-page","status-publish","hentry"],"acf":[],"yoast_head":"<!-- This site is optimized with the Yoast SEO plugin v25.5 - https:\/\/yoast.com\/wordpress\/plugins\/seo\/ -->\n<title>Formations langues Orl\u00e9ans pour les professionnels<\/title>\n<meta name=\"description\" content=\"formations de langues \u00e9trang\u00e8res Orl\u00e9ans pour les professionnels et demandeurs d&#039;emplois, formations sur mesure, cours anglais, allemand, espagnol, fran\u00e7ais\" \/>\n<meta name=\"robots\" content=\"index, follow, max-snippet:-1, max-image-preview:large, max-video-preview:-1\" \/>\n<link rel=\"canonical\" href=\"https:\/\/www.ecole-de-langues-orleans.com\/en\/notre-organisme-formations-langues-orleans-pour-les-professionnels\/\" \/>\n<meta property=\"og:locale\" content=\"en_US\" \/>\n<meta property=\"og:type\" content=\"article\" \/>\n<meta property=\"og:title\" content=\"Formations langues Orl\u00e9ans pour les professionnels\" \/>\n<meta property=\"og:description\" content=\"formations de langues \u00e9trang\u00e8res Orl\u00e9ans pour les professionnels et demandeurs d&#039;emplois, formations sur mesure, cours anglais, allemand, espagnol, fran\u00e7ais\" \/>\n<meta property=\"og:url\" content=\"https:\/\/www.ecole-de-langues-orleans.com\/en\/notre-organisme-formations-langues-orleans-pour-les-professionnels\/\" \/>\n<meta property=\"og:site_name\" content=\"Prestige Interlanguage\" \/>\n<meta property=\"article:modified_time\" content=\"2026-03-26T13:29:00+00:00\" \/>\n<meta name=\"twitter:card\" content=\"summary_large_image\" \/>\n<meta name=\"twitter:label1\" content=\"Est. reading time\" \/>\n\t<meta name=\"twitter:data1\" content=\"4 minutes\" \/>\n<script type=\"application\/ld+json\" class=\"yoast-schema-graph\">{\"@context\":\"https:\/\/schema.org\",\"@graph\":[{\"@type\":\"WebPage\",\"@id\":\"https:\/\/www.ecole-de-langues-orleans.com\/en\/notre-organisme-formations-langues-orleans-pour-les-professionnels\/\",\"url\":\"https:\/\/www.ecole-de-langues-orleans.com\/en\/notre-organisme-formations-langues-orleans-pour-les-professionnels\/\",\"name\":\"Formations langues Orl\u00e9ans pour les professionnels\",\"isPartOf\":{\"@id\":\"https:\/\/www.ecole-de-langues-orleans.com\/#website\"},\"datePublished\":\"2019-09-18T09:46:13+00:00\",\"dateModified\":\"2026-03-26T13:29:00+00:00\",\"description\":\"formations de langues \u00e9trang\u00e8res Orl\u00e9ans pour les professionnels et demandeurs d'emplois, formations sur mesure, cours anglais, allemand, espagnol, fran\u00e7ais\",\"breadcrumb\":{\"@id\":\"https:\/\/www.ecole-de-langues-orleans.com\/en\/notre-organisme-formations-langues-orleans-pour-les-professionnels\/#breadcrumb\"},\"inLanguage\":\"en-US\",\"potentialAction\":[{\"@type\":\"ReadAction\",\"target\":[\"https:\/\/www.ecole-de-langues-orleans.com\/en\/notre-organisme-formations-langues-orleans-pour-les-professionnels\/\"]}]},{\"@type\":\"BreadcrumbList\",\"@id\":\"https:\/\/www.ecole-de-langues-orleans.com\/en\/notre-organisme-formations-langues-orleans-pour-les-professionnels\/#breadcrumb\",\"itemListElement\":[{\"@type\":\"ListItem\",\"position\":1,\"name\":\"Accueil\",\"item\":\"https:\/\/www.ecole-de-langues-orleans.com\/\"},{\"@type\":\"ListItem\",\"position\":2,\"name\":\"About us\"}]},{\"@type\":\"WebSite\",\"@id\":\"https:\/\/www.ecole-de-langues-orleans.com\/#website\",\"url\":\"https:\/\/www.ecole-de-langues-orleans.com\/\",\"name\":\"Prestige Interlanguage\",\"description\":\"Ecole de langues Orl\u00e9ans.\",\"publisher\":{\"@id\":\"https:\/\/www.ecole-de-langues-orleans.com\/#organization\"},\"potentialAction\":[{\"@type\":\"SearchAction\",\"target\":{\"@type\":\"EntryPoint\",\"urlTemplate\":\"https:\/\/www.ecole-de-langues-orleans.com\/?s={search_term_string}\"},\"query-input\":{\"@type\":\"PropertyValueSpecification\",\"valueRequired\":true,\"valueName\":\"search_term_string\"}}],\"inLanguage\":\"en-US\"},{\"@type\":\"Organization\",\"@id\":\"https:\/\/www.ecole-de-langues-orleans.com\/#organization\",\"name\":\"Prestige Interlanguage\",\"url\":\"https:\/\/www.ecole-de-langues-orleans.com\/\",\"logo\":{\"@type\":\"ImageObject\",\"inLanguage\":\"en-US\",\"@id\":\"https:\/\/www.ecole-de-langues-orleans.com\/#\/schema\/logo\/image\/\",\"url\":\"https:\/\/www.ecole-de-langues-orleans.com\/wp-content\/uploads\/2023\/05\/LOGO-PrestigeInterlanguage01-Copie.jpg\",\"contentUrl\":\"https:\/\/www.ecole-de-langues-orleans.com\/wp-content\/uploads\/2023\/05\/LOGO-PrestigeInterlanguage01-Copie.jpg\",\"width\":1069,\"height\":573,\"caption\":\"Prestige Interlanguage\"},\"image\":{\"@id\":\"https:\/\/www.ecole-de-langues-orleans.com\/#\/schema\/logo\/image\/\"}}]}<\/script>\n<!-- \/ Yoast SEO plugin. -->","yoast_head_json":{"title":"Formations langues Orl\u00e9ans pour les professionnels","description":"formations de langues \u00e9trang\u00e8res Orl\u00e9ans pour les professionnels et demandeurs d'emplois, formations sur mesure, cours anglais, allemand, espagnol, fran\u00e7ais","robots":{"index":"index","follow":"follow","max-snippet":"max-snippet:-1","max-image-preview":"max-image-preview:large","max-video-preview":"max-video-preview:-1"},"canonical":"https:\/\/www.ecole-de-langues-orleans.com\/en\/notre-organisme-formations-langues-orleans-pour-les-professionnels\/","og_locale":"en_US","og_type":"article","og_title":"Formations langues Orl\u00e9ans pour les professionnels","og_description":"formations de langues \u00e9trang\u00e8res Orl\u00e9ans pour les professionnels et demandeurs d'emplois, formations sur mesure, cours anglais, allemand, espagnol, fran\u00e7ais","og_url":"https:\/\/www.ecole-de-langues-orleans.com\/en\/notre-organisme-formations-langues-orleans-pour-les-professionnels\/","og_site_name":"Prestige Interlanguage","article_modified_time":"2026-03-26T13:29:00+00:00","twitter_card":"summary_large_image","twitter_misc":{"Est. reading time":"4 minutes"},"schema":{"@context":"https:\/\/schema.org","@graph":[{"@type":"WebPage","@id":"https:\/\/www.ecole-de-langues-orleans.com\/en\/notre-organisme-formations-langues-orleans-pour-les-professionnels\/","url":"https:\/\/www.ecole-de-langues-orleans.com\/en\/notre-organisme-formations-langues-orleans-pour-les-professionnels\/","name":"Formations langues Orl\u00e9ans pour les professionnels","isPartOf":{"@id":"https:\/\/www.ecole-de-langues-orleans.com\/#website"},"datePublished":"2019-09-18T09:46:13+00:00","dateModified":"2026-03-26T13:29:00+00:00","description":"formations de langues \u00e9trang\u00e8res Orl\u00e9ans pour les professionnels et demandeurs d'emplois, formations sur mesure, cours anglais, allemand, espagnol, fran\u00e7ais","breadcrumb":{"@id":"https:\/\/www.ecole-de-langues-orleans.com\/en\/notre-organisme-formations-langues-orleans-pour-les-professionnels\/#breadcrumb"},"inLanguage":"en-US","potentialAction":[{"@type":"ReadAction","target":["https:\/\/www.ecole-de-langues-orleans.com\/en\/notre-organisme-formations-langues-orleans-pour-les-professionnels\/"]}]},{"@type":"BreadcrumbList","@id":"https:\/\/www.ecole-de-langues-orleans.com\/en\/notre-organisme-formations-langues-orleans-pour-les-professionnels\/#breadcrumb","itemListElement":[{"@type":"ListItem","position":1,"name":"Accueil","item":"https:\/\/www.ecole-de-langues-orleans.com\/"},{"@type":"ListItem","position":2,"name":"About us"}]},{"@type":"WebSite","@id":"https:\/\/www.ecole-de-langues-orleans.com\/#website","url":"https:\/\/www.ecole-de-langues-orleans.com\/","name":"Prestige Interlanguage","description":"Ecole de langues Orl\u00e9ans.","publisher":{"@id":"https:\/\/www.ecole-de-langues-orleans.com\/#organization"},"potentialAction":[{"@type":"SearchAction","target":{"@type":"EntryPoint","urlTemplate":"https:\/\/www.ecole-de-langues-orleans.com\/?s={search_term_string}"},"query-input":{"@type":"PropertyValueSpecification","valueRequired":true,"valueName":"search_term_string"}}],"inLanguage":"en-US"},{"@type":"Organization","@id":"https:\/\/www.ecole-de-langues-orleans.com\/#organization","name":"Prestige Interlanguage","url":"https:\/\/www.ecole-de-langues-orleans.com\/","logo":{"@type":"ImageObject","inLanguage":"en-US","@id":"https:\/\/www.ecole-de-langues-orleans.com\/#\/schema\/logo\/image\/","url":"https:\/\/www.ecole-de-langues-orleans.com\/wp-content\/uploads\/2023\/05\/LOGO-PrestigeInterlanguage01-Copie.jpg","contentUrl":"https:\/\/www.ecole-de-langues-orleans.com\/wp-content\/uploads\/2023\/05\/LOGO-PrestigeInterlanguage01-Copie.jpg","width":1069,"height":573,"caption":"Prestige Interlanguage"},"image":{"@id":"https:\/\/www.ecole-de-langues-orleans.com\/#\/schema\/logo\/image\/"}}]}},"_links":{"self":[{"href":"https:\/\/www.ecole-de-langues-orleans.com\/en\/wp-json\/wp\/v2\/pages\/8496","targetHints":{"allow":["GET"]}}],"collection":[{"href":"https:\/\/www.ecole-de-langues-orleans.com\/en\/wp-json\/wp\/v2\/pages"}],"about":[{"href":"https:\/\/www.ecole-de-langues-orleans.com\/en\/wp-json\/wp\/v2\/types\/page"}],"author":[{"embeddable":true,"href":"https:\/\/www.ecole-de-langues-orleans.com\/en\/wp-json\/wp\/v2\/users\/2"}],"replies":[{"embeddable":true,"href":"https:\/\/www.ecole-de-langues-orleans.com\/en\/wp-json\/wp\/v2\/comments?post=8496"}],"version-history":[{"count":30,"href":"https:\/\/www.ecole-de-langues-orleans.com\/en\/wp-json\/wp\/v2\/pages\/8496\/revisions"}],"predecessor-version":[{"id":14797,"href":"https:\/\/www.ecole-de-langues-orleans.com\/en\/wp-json\/wp\/v2\/pages\/8496\/revisions\/14797"}],"wp:attachment":[{"href":"https:\/\/www.ecole-de-langues-orleans.com\/en\/wp-json\/wp\/v2\/media?parent=8496"}],"curies":[{"name":"wp","href":"https:\/\/api.w.org\/{rel}","templated":true}]}}