{"id":8476,"date":"2019-12-19T19:05:18","date_gmt":"2019-12-19T18:05:18","guid":{"rendered":"https:\/\/www.ecole-de-langues-orleans.com\/niveaux-de-langue\/"},"modified":"2020-05-27T18:02:53","modified_gmt":"2020-05-27T16:02:53","slug":"niveaux-de-langue","status":"publish","type":"page","link":"https:\/\/www.ecole-de-langues-orleans.com\/en\/niveaux-de-langue\/","title":{"rendered":"Language Levels"},"content":{"rendered":"<p>[vc_row css=&#8221;.vc_custom_1568808158785{padding-top: 50px !important;padding-bottom: 50px !important;background-color: #ae9262 !important;}&#8221; el_class=&#8221;bg-brown&#8221;][vc_column][vc_row_inner][vc_column_inner width=&#8221;1\/6&#8243;][\/vc_column_inner][vc_column_inner width=&#8221;4\/6&#8243;][vc_column_text]<\/p>\n<h2>Assessment and solutions at all levels<\/h2>\n<p>[\/vc_column_text][vc_column_text]PRESTIGE INTERLANGUAGE is able to meet your requirements whatever your level of language skills.<\/p>\n<p>Through a personalized assessment of their language knowledge, we guarantee that beginners will be able to start practising a foreign language while advanced students will enhance their existing knowledge.[\/vc_column_text][\/vc_column_inner][vc_column_inner width=&#8221;1\/6&#8243;][vc_single_image image=&#8221;4984&#8243;][\/vc_column_inner][\/vc_row_inner][\/vc_column][\/vc_row][vc_row css=&#8221;.vc_custom_1568808167045{padding-top: 50px !important;}&#8221;][vc_column width=&#8221;1\/6&#8243;][\/vc_column][vc_column width=&#8221;1\/6&#8243;][vc_single_image image=&#8221;797&#8243; img_size=&#8221;full&#8221;][\/vc_column][vc_column width=&#8221;3\/6&#8243;][vc_column_text]<\/p>\n<h3 style=\"text-align: center;\">All our language trainings are in conformity with the Common European Framework of References\u00a0for Language (CEFR).<\/h3>\n<p>[\/vc_column_text][vc_column_text]<\/p>\n<p style=\"margin: 0cm; margin-bottom: .0001pt; background: white;\"><span lang=\"EN-GB\" style=\"font-size: 11.0pt; font-family: 'Arial',sans-serif; color: #333333; background: white;\">The Common European Framework of Reference for Languages (CEFR) is an international standard for describing language ability. It describes language ability on a six-point scale, from A1 for beginners, up to C2 for those who have mastered a language. This makes it easy for anyone involved in language teaching and testing, such as teachers or learners, to see the level of different qualifications. It also means that employers and educational institutions can easily compare our qualifications to other exams in their country.<\/span><\/p>\n<p>[\/vc_column_text][\/vc_column][vc_column width=&#8221;1\/6&#8243;][\/vc_column][\/vc_row][vc_row][vc_column width=&#8221;1\/6&#8243;][\/vc_column][vc_column width=&#8221;4\/6&#8243;][vc_column_text][\/vc_column_text][\/vc_column][vc_column width=&#8221;1\/6&#8243;][\/vc_column][\/vc_row][vc_row][vc_column width=&#8221;1\/6&#8243;][\/vc_column][vc_column width=&#8221;4\/6&#8243;][vc_column_text]<\/p>\n<div class=\"table-responsive\">\n<table class=\"table\">\n<tbody>\n<tr>\n<td colspan=\"2\">\n<h3 class=\"text-center\">BASIC User<\/h3>\n<\/td>\n<\/tr>\n<tr>\n<td>\n<h4 class=\"text-center\">A1<\/h4>\n<table class=\"table\">\n<tbody>\n<tr>\n<td>TOEIC<\/td>\n<td>LINGUASKILL<\/td>\n<td>BRIGHT<\/td>\n<\/tr>\n<tr>\n<td>120-224<\/td>\n<td>100-119<\/td>\n<td>0.5-1.4<\/td>\n<\/tr>\n<\/tbody>\n<\/table>\n<p style=\"text-align: left;\">Can understand and use familiar everyday expressions and very basic phrases aimed at the satisfaction of needs of a concrete type.<\/p>\n<p style=\"text-align: left;\">Can introduce him\/herself and others and can ask and answer questions about personal details such as where he\/she lives, people he\/she knows and things he\/she has.<\/p>\n<p style=\"text-align: left;\">Can interact in a simple way provided the other person talks slowly and clearly and is prepared to help.<\/p>\n<\/td>\n<td>\n<h4 class=\"text-center\">A2<\/h4>\n<table class=\"table\">\n<tbody>\n<tr>\n<td>TOEIC<\/td>\n<td>LINGUASKILL<\/td>\n<td>BRIGHT<\/td>\n<\/tr>\n<tr>\n<td>225-549<\/td>\n<td>120-139<\/td>\n<td>1.5-1.9<\/td>\n<\/tr>\n<\/tbody>\n<\/table>\n<p style=\"text-align: left;\">Can understand sentences and frequently used expressions related to areas of most immediate relevance (e.g. very basic personal and family information, shopping, local geography, employment).<\/p>\n<p style=\"text-align: left;\">Can communicate in simple and routine tasks requiring a simple and direct exchange of information on familiar and routine matters.<\/p>\n<p style=\"text-align: left;\">Can describe in simple terms aspects of his\/her background, immediate environment and matters in areas of immediate need.<\/p>\n<\/td>\n<\/tr>\n<\/tbody>\n<\/table>\n<\/div>\n<p>[\/vc_column_text][\/vc_column][vc_column width=&#8221;1\/6&#8243;][\/vc_column][\/vc_row][vc_row][vc_column width=&#8221;1\/6&#8243;][\/vc_column][vc_column width=&#8221;4\/6&#8243;][vc_column_text]<\/p>\n<div class=\"table-responsive\" style=\"text-align: left;\">\n<table class=\"table\">\n<tbody>\n<tr>\n<td colspan=\"2\">\n<h3 class=\"text-center\">INDEPENDENT User<\/h3>\n<\/td>\n<\/tr>\n<tr>\n<td>\n<h4 class=\"text-center\">B1<\/h4>\n<table class=\"table\">\n<tbody>\n<tr>\n<td>TOEIC<\/td>\n<td>LINGUASKILL<\/td>\n<td>BRIGHT<\/td>\n<\/tr>\n<tr>\n<td>550-784<\/td>\n<td>140-159<\/td>\n<td>2.0-2.4<\/td>\n<\/tr>\n<\/tbody>\n<\/table>\n<p>Can understand the main points of clear standard input on familiar matters regularly encountered in work, school, leisure, etc.<\/p>\n<p>Can deal with most situations likely to arise whilst travelling in an area where the language is spoken.<\/p>\n<p>Can produce simple connected text on topics which are familiar or of personal interest.<\/p>\n<p>Can describe experiences and events, dreams, hopes &amp; ambitions and briefly give reasons and explanations for opinions and plans.<\/td>\n<td>\n<h4 class=\"text-center\">B2<\/h4>\n<table class=\"table\">\n<tbody>\n<tr>\n<td>TOEIC<\/td>\n<td>LINGUASKILL<\/td>\n<td>BRIGHT<\/td>\n<\/tr>\n<tr>\n<td>785-944<\/td>\n<td>160-179<\/td>\n<td>2.5-3.4<\/td>\n<\/tr>\n<\/tbody>\n<\/table>\n<p>Can understand the main ideas of complex text on both concrete and abstract topics, including technical discussions in his\/her field of specialisation.<\/p>\n<p>Can interact with a degree of fluency and spontaneity that makes regular interaction with native speakers quite possible without strain for either party.<\/p>\n<p>Can produce clear, detailed text on a wide range of subjects and explain a viewpoint on a topical issue giving the advantages and disadvantages of various options.<\/td>\n<\/tr>\n<\/tbody>\n<\/table>\n<\/div>\n<p>[\/vc_column_text][\/vc_column][vc_column width=&#8221;1\/6&#8243;][\/vc_column][\/vc_row][vc_row][vc_column width=&#8221;1\/6&#8243;][\/vc_column][vc_column width=&#8221;4\/6&#8243;][vc_column_text]<\/p>\n<div class=\"table-responsive\">\n<table class=\"table\">\n<tbody>\n<tr>\n<td colspan=\"2\">\n<h3 class=\"text-center\">PROFICIENT User<\/h3>\n<\/td>\n<\/tr>\n<tr>\n<td>\n<h4 class=\"text-center\">C1<\/h4>\n<table class=\"table\">\n<tbody>\n<tr>\n<td>TOEIC<\/td>\n<td>LINGUASKILL<\/td>\n<td>BRIGHT<\/td>\n<\/tr>\n<tr>\n<td>945-990<\/td>\n<td>180+<\/td>\n<td>3.5-3.9<\/td>\n<\/tr>\n<\/tbody>\n<\/table>\n<p>Can understand a wide range of demanding, longer texts, and recognise implicit meaning.<\/p>\n<p>Can express him\/herself fluently and spontaneously without much obvious searching for expressions.<\/p>\n<p>Can use language flexibly and effectively for social, academic and professional purposes.<\/p>\n<p>Can produce clear, well-structured, detailed text on complex subjects, showing controlled use of organisational patterns, connectors and cohesive devices.<\/td>\n<td>\n<h4 class=\"text-center\">C2<\/h4>\n<table class=\"table\">\n<tbody>\n<tr>\n<td>TOEIC<\/td>\n<td>LINGUASKILL<\/td>\n<td>BRIGHT<\/td>\n<\/tr>\n<tr>\n<td>&#8211;<\/td>\n<td>&#8211;<\/td>\n<td>4.0-5.0<\/td>\n<\/tr>\n<\/tbody>\n<\/table>\n<p>Can understand with ease virtually everything heard or read.<\/p>\n<p>Can summarise information from different spoken and written sources, reconstructing arguments and accounts in a coherent presentation.<\/p>\n<p>Can express him\/herself spontaneously, very fluently and precisely, differentiating finer shades of meaning even in more complex situations.<\/td>\n<\/tr>\n<\/tbody>\n<\/table>\n<\/div>\n<p>[\/vc_column_text][\/vc_column][vc_column width=&#8221;1\/6&#8243;][\/vc_column][\/vc_row][vc_row][vc_column width=&#8221;1\/6&#8243;][\/vc_column][vc_column width=&#8221;2\/6&#8243;][vc_single_image image=&#8221;798&#8243; img_size=&#8221;full&#8221;][\/vc_column][vc_column width=&#8221;2\/6&#8243;][vc_column_text]<strong>Whatever your existing level and your objectives our teams of qualified teachers will establish an adapted training Programme. This is also possible for children and students who wish to boost their language skills in preparation of a diploma.<\/strong>[\/vc_column_text][\/vc_column][vc_column width=&#8221;1\/6&#8243;][\/vc_column][\/vc_row]<\/p>\n","protected":false},"excerpt":{"rendered":"<p>[vc_row css=&#8221;.vc_custom_1568808158785{padding-top: 50px !important;padding-bottom: 50px !important;background-color: #ae9262 !important;}&#8221; el_class=&#8221;bg-brown&#8221;][vc_column][vc_row_inner][vc_column_inner width=&#8221;1\/6&#8243;][\/vc_column_inner][vc_column_inner width=&#8221;4\/6&#8243;][vc_column_text] Assessment and solutions at all levels [\/vc_column_text][vc_column_text]PRESTIGE INTERLANGUAGE is able to meet your requirements whatever your level of language skills. Through a personalized assessment of their language knowledge, we guarantee that beginners will be able to start practising a foreign language while advanced students [&#8230;]<\/p>\n","protected":false},"author":2,"featured_media":0,"parent":0,"menu_order":0,"comment_status":"closed","ping_status":"closed","template":"","meta":{"_acf_changed":false,"footnotes":""},"class_list":["post-8476","page","type-page","status-publish","hentry"],"acf":[],"yoast_head":"<!-- This site is optimized with the Yoast SEO plugin v25.5 - https:\/\/yoast.com\/wordpress\/plugins\/seo\/ -->\n<title>Language Levels | Prestige Interlanguage<\/title>\n<meta name=\"description\" content=\"PRESTIGE INTERLANGUAGE r\u00e9pond \u00e0 chaque besoin, quel que soit le niveau linguistique. A partir d&#039;\u00e9valuations personnalis\u00e9es, nous permettons aux d\u00e9butants de commencer \u00e0 pratiquer les langues \u00e9trang\u00e8res, comme nous permettons aux confirm\u00e9s de se perfectionner.\" \/>\n<meta name=\"robots\" content=\"index, follow, max-snippet:-1, max-image-preview:large, max-video-preview:-1\" \/>\n<link rel=\"canonical\" href=\"https:\/\/www.ecole-de-langues-orleans.com\/en\/niveaux-de-langue\/\" \/>\n<meta property=\"og:locale\" content=\"en_US\" \/>\n<meta property=\"og:type\" content=\"article\" \/>\n<meta property=\"og:title\" content=\"Language Levels | Prestige Interlanguage\" \/>\n<meta property=\"og:description\" content=\"PRESTIGE INTERLANGUAGE r\u00e9pond \u00e0 chaque besoin, quel que soit le niveau linguistique. A partir d&#039;\u00e9valuations personnalis\u00e9es, nous permettons aux d\u00e9butants de commencer \u00e0 pratiquer les langues \u00e9trang\u00e8res, comme nous permettons aux confirm\u00e9s de se perfectionner.\" \/>\n<meta property=\"og:url\" content=\"https:\/\/www.ecole-de-langues-orleans.com\/en\/niveaux-de-langue\/\" \/>\n<meta property=\"og:site_name\" content=\"Prestige Interlanguage\" \/>\n<meta property=\"article:modified_time\" content=\"2020-05-27T16:02:53+00:00\" \/>\n<meta name=\"twitter:card\" content=\"summary_large_image\" \/>\n<meta name=\"twitter:label1\" content=\"Est. reading time\" \/>\n\t<meta name=\"twitter:data1\" content=\"4 minutes\" \/>\n<script type=\"application\/ld+json\" class=\"yoast-schema-graph\">{\"@context\":\"https:\/\/schema.org\",\"@graph\":[{\"@type\":\"WebPage\",\"@id\":\"https:\/\/www.ecole-de-langues-orleans.com\/en\/niveaux-de-langue\/\",\"url\":\"https:\/\/www.ecole-de-langues-orleans.com\/en\/niveaux-de-langue\/\",\"name\":\"Language Levels | Prestige Interlanguage\",\"isPartOf\":{\"@id\":\"https:\/\/www.ecole-de-langues-orleans.com\/#website\"},\"datePublished\":\"2019-12-19T18:05:18+00:00\",\"dateModified\":\"2020-05-27T16:02:53+00:00\",\"description\":\"PRESTIGE INTERLANGUAGE r\u00e9pond \u00e0 chaque besoin, quel que soit le niveau linguistique. A partir d'\u00e9valuations personnalis\u00e9es, nous permettons aux d\u00e9butants de commencer \u00e0 pratiquer les langues \u00e9trang\u00e8res, comme nous permettons aux confirm\u00e9s de se perfectionner.\",\"breadcrumb\":{\"@id\":\"https:\/\/www.ecole-de-langues-orleans.com\/en\/niveaux-de-langue\/#breadcrumb\"},\"inLanguage\":\"en-US\",\"potentialAction\":[{\"@type\":\"ReadAction\",\"target\":[\"https:\/\/www.ecole-de-langues-orleans.com\/en\/niveaux-de-langue\/\"]}]},{\"@type\":\"BreadcrumbList\",\"@id\":\"https:\/\/www.ecole-de-langues-orleans.com\/en\/niveaux-de-langue\/#breadcrumb\",\"itemListElement\":[{\"@type\":\"ListItem\",\"position\":1,\"name\":\"Accueil\",\"item\":\"https:\/\/www.ecole-de-langues-orleans.com\/\"},{\"@type\":\"ListItem\",\"position\":2,\"name\":\"Language Levels\"}]},{\"@type\":\"WebSite\",\"@id\":\"https:\/\/www.ecole-de-langues-orleans.com\/#website\",\"url\":\"https:\/\/www.ecole-de-langues-orleans.com\/\",\"name\":\"Prestige Interlanguage\",\"description\":\"Ecole de langues Orl\u00e9ans.\",\"publisher\":{\"@id\":\"https:\/\/www.ecole-de-langues-orleans.com\/#organization\"},\"potentialAction\":[{\"@type\":\"SearchAction\",\"target\":{\"@type\":\"EntryPoint\",\"urlTemplate\":\"https:\/\/www.ecole-de-langues-orleans.com\/?s={search_term_string}\"},\"query-input\":{\"@type\":\"PropertyValueSpecification\",\"valueRequired\":true,\"valueName\":\"search_term_string\"}}],\"inLanguage\":\"en-US\"},{\"@type\":\"Organization\",\"@id\":\"https:\/\/www.ecole-de-langues-orleans.com\/#organization\",\"name\":\"Prestige Interlanguage\",\"url\":\"https:\/\/www.ecole-de-langues-orleans.com\/\",\"logo\":{\"@type\":\"ImageObject\",\"inLanguage\":\"en-US\",\"@id\":\"https:\/\/www.ecole-de-langues-orleans.com\/#\/schema\/logo\/image\/\",\"url\":\"https:\/\/www.ecole-de-langues-orleans.com\/wp-content\/uploads\/2023\/05\/LOGO-PrestigeInterlanguage01-Copie.jpg\",\"contentUrl\":\"https:\/\/www.ecole-de-langues-orleans.com\/wp-content\/uploads\/2023\/05\/LOGO-PrestigeInterlanguage01-Copie.jpg\",\"width\":1069,\"height\":573,\"caption\":\"Prestige Interlanguage\"},\"image\":{\"@id\":\"https:\/\/www.ecole-de-langues-orleans.com\/#\/schema\/logo\/image\/\"}}]}<\/script>\n<!-- \/ Yoast SEO plugin. -->","yoast_head_json":{"title":"Language Levels | Prestige Interlanguage","description":"PRESTIGE INTERLANGUAGE r\u00e9pond \u00e0 chaque besoin, quel que soit le niveau linguistique. A partir d'\u00e9valuations personnalis\u00e9es, nous permettons aux d\u00e9butants de commencer \u00e0 pratiquer les langues \u00e9trang\u00e8res, comme nous permettons aux confirm\u00e9s de se perfectionner.","robots":{"index":"index","follow":"follow","max-snippet":"max-snippet:-1","max-image-preview":"max-image-preview:large","max-video-preview":"max-video-preview:-1"},"canonical":"https:\/\/www.ecole-de-langues-orleans.com\/en\/niveaux-de-langue\/","og_locale":"en_US","og_type":"article","og_title":"Language Levels | Prestige Interlanguage","og_description":"PRESTIGE INTERLANGUAGE r\u00e9pond \u00e0 chaque besoin, quel que soit le niveau linguistique. A partir d'\u00e9valuations personnalis\u00e9es, nous permettons aux d\u00e9butants de commencer \u00e0 pratiquer les langues \u00e9trang\u00e8res, comme nous permettons aux confirm\u00e9s de se perfectionner.","og_url":"https:\/\/www.ecole-de-langues-orleans.com\/en\/niveaux-de-langue\/","og_site_name":"Prestige Interlanguage","article_modified_time":"2020-05-27T16:02:53+00:00","twitter_card":"summary_large_image","twitter_misc":{"Est. reading time":"4 minutes"},"schema":{"@context":"https:\/\/schema.org","@graph":[{"@type":"WebPage","@id":"https:\/\/www.ecole-de-langues-orleans.com\/en\/niveaux-de-langue\/","url":"https:\/\/www.ecole-de-langues-orleans.com\/en\/niveaux-de-langue\/","name":"Language Levels | Prestige Interlanguage","isPartOf":{"@id":"https:\/\/www.ecole-de-langues-orleans.com\/#website"},"datePublished":"2019-12-19T18:05:18+00:00","dateModified":"2020-05-27T16:02:53+00:00","description":"PRESTIGE INTERLANGUAGE r\u00e9pond \u00e0 chaque besoin, quel que soit le niveau linguistique. A partir d'\u00e9valuations personnalis\u00e9es, nous permettons aux d\u00e9butants de commencer \u00e0 pratiquer les langues \u00e9trang\u00e8res, comme nous permettons aux confirm\u00e9s de se perfectionner.","breadcrumb":{"@id":"https:\/\/www.ecole-de-langues-orleans.com\/en\/niveaux-de-langue\/#breadcrumb"},"inLanguage":"en-US","potentialAction":[{"@type":"ReadAction","target":["https:\/\/www.ecole-de-langues-orleans.com\/en\/niveaux-de-langue\/"]}]},{"@type":"BreadcrumbList","@id":"https:\/\/www.ecole-de-langues-orleans.com\/en\/niveaux-de-langue\/#breadcrumb","itemListElement":[{"@type":"ListItem","position":1,"name":"Accueil","item":"https:\/\/www.ecole-de-langues-orleans.com\/"},{"@type":"ListItem","position":2,"name":"Language Levels"}]},{"@type":"WebSite","@id":"https:\/\/www.ecole-de-langues-orleans.com\/#website","url":"https:\/\/www.ecole-de-langues-orleans.com\/","name":"Prestige Interlanguage","description":"Ecole de langues Orl\u00e9ans.","publisher":{"@id":"https:\/\/www.ecole-de-langues-orleans.com\/#organization"},"potentialAction":[{"@type":"SearchAction","target":{"@type":"EntryPoint","urlTemplate":"https:\/\/www.ecole-de-langues-orleans.com\/?s={search_term_string}"},"query-input":{"@type":"PropertyValueSpecification","valueRequired":true,"valueName":"search_term_string"}}],"inLanguage":"en-US"},{"@type":"Organization","@id":"https:\/\/www.ecole-de-langues-orleans.com\/#organization","name":"Prestige Interlanguage","url":"https:\/\/www.ecole-de-langues-orleans.com\/","logo":{"@type":"ImageObject","inLanguage":"en-US","@id":"https:\/\/www.ecole-de-langues-orleans.com\/#\/schema\/logo\/image\/","url":"https:\/\/www.ecole-de-langues-orleans.com\/wp-content\/uploads\/2023\/05\/LOGO-PrestigeInterlanguage01-Copie.jpg","contentUrl":"https:\/\/www.ecole-de-langues-orleans.com\/wp-content\/uploads\/2023\/05\/LOGO-PrestigeInterlanguage01-Copie.jpg","width":1069,"height":573,"caption":"Prestige Interlanguage"},"image":{"@id":"https:\/\/www.ecole-de-langues-orleans.com\/#\/schema\/logo\/image\/"}}]}},"_links":{"self":[{"href":"https:\/\/www.ecole-de-langues-orleans.com\/en\/wp-json\/wp\/v2\/pages\/8476","targetHints":{"allow":["GET"]}}],"collection":[{"href":"https:\/\/www.ecole-de-langues-orleans.com\/en\/wp-json\/wp\/v2\/pages"}],"about":[{"href":"https:\/\/www.ecole-de-langues-orleans.com\/en\/wp-json\/wp\/v2\/types\/page"}],"author":[{"embeddable":true,"href":"https:\/\/www.ecole-de-langues-orleans.com\/en\/wp-json\/wp\/v2\/users\/2"}],"replies":[{"embeddable":true,"href":"https:\/\/www.ecole-de-langues-orleans.com\/en\/wp-json\/wp\/v2\/comments?post=8476"}],"version-history":[{"count":8,"href":"https:\/\/www.ecole-de-langues-orleans.com\/en\/wp-json\/wp\/v2\/pages\/8476\/revisions"}],"predecessor-version":[{"id":9260,"href":"https:\/\/www.ecole-de-langues-orleans.com\/en\/wp-json\/wp\/v2\/pages\/8476\/revisions\/9260"}],"wp:attachment":[{"href":"https:\/\/www.ecole-de-langues-orleans.com\/en\/wp-json\/wp\/v2\/media?parent=8476"}],"curies":[{"name":"wp","href":"https:\/\/api.w.org\/{rel}","templated":true}]}}