{"id":8465,"date":"2020-02-05T15:52:14","date_gmt":"2020-02-05T14:52:14","guid":{"rendered":"https:\/\/www.ecole-de-langues-orleans.com\/mentions-legales\/"},"modified":"2020-05-27T16:38:51","modified_gmt":"2020-05-27T14:38:51","slug":"mentions-legales","status":"publish","type":"page","link":"https:\/\/www.ecole-de-langues-orleans.com\/en\/mentions-legales\/","title":{"rendered":"Legals"},"content":{"rendered":"<p>[vc_row][vc_column width=&#8221;1\/6&#8243;][\/vc_column][vc_column width=&#8221;4\/6&#8243;][vc_column_text]PRESTIGE INTERLANGUAGE<\/p>\n<p>109 rue du petit bois<br \/>\nF \u2013 45800 Saint Jean de Braye<\/p>\n<p>T\u00e9l\u00e9phone : 02 79 79 96 00<br \/>\nContact : <a href=\"https:\/\/www.ecole-de-langues-orleans.com\/contact\/\">nous contacter<\/a><\/p>\n<p>SARL au capital social de 70000\u20ac<br \/>\nSIRET 524 658 879 00027\u2013 APE 8559A<\/p>\n<p>Cr\u00e9ation, D\u00e9veloppement, H\u00e9bergement :<\/p>\n<p>Force Interactive<br \/>\n<a href=\"https:\/\/www.force-interactive.com\/\">https:\/\/www.force-interactive.com\/<\/a>[\/vc_column_text][\/vc_column][vc_column width=&#8221;1\/6&#8243;][\/vc_column][\/vc_row]<\/p>\n","protected":false},"excerpt":{"rendered":"<p>[vc_row][vc_column width=&#8221;1\/6&#8243;][\/vc_column][vc_column width=&#8221;4\/6&#8243;][vc_column_text]PRESTIGE INTERLANGUAGE 109 rue du petit bois F \u2013 45800 Saint Jean de Braye T\u00e9l\u00e9phone : 02 79 79 96 00 Contact : nous contacter SARL au capital social de 70000\u20ac SIRET 524 658 879 00027\u2013 APE 8559A Cr\u00e9ation, D\u00e9veloppement, H\u00e9bergement : Force Interactive https:\/\/www.force-interactive.com\/[\/vc_column_text][\/vc_column][vc_column width=&#8221;1\/6&#8243;][\/vc_column][\/vc_row]<\/p>\n","protected":false},"author":2,"featured_media":0,"parent":0,"menu_order":0,"comment_status":"closed","ping_status":"closed","template":"","meta":{"_acf_changed":false,"footnotes":""},"class_list":["post-8465","page","type-page","status-publish","hentry"],"acf":[],"yoast_head":"<!-- This site is optimized with the Yoast SEO plugin v25.5 - https:\/\/yoast.com\/wordpress\/plugins\/seo\/ -->\n<title>Legals | Prestige Interlanguage<\/title>\n<meta name=\"robots\" content=\"index, follow, max-snippet:-1, max-image-preview:large, max-video-preview:-1\" \/>\n<link rel=\"canonical\" href=\"https:\/\/www.ecole-de-langues-orleans.com\/en\/mentions-legales\/\" \/>\n<meta property=\"og:locale\" content=\"en_US\" \/>\n<meta property=\"og:type\" content=\"article\" \/>\n<meta property=\"og:title\" content=\"Legals | Prestige Interlanguage\" \/>\n<meta property=\"og:description\" content=\"[vc_row][vc_column width=&#8221;1\/6&#8243;][\/vc_column][vc_column width=&#8221;4\/6&#8243;][vc_column_text]PRESTIGE INTERLANGUAGE 109 rue du petit bois F \u2013 45800 Saint Jean de Braye T\u00e9l\u00e9phone : 02 79 79 96 00 Contact : nous contacter SARL au capital social de 70000\u20ac SIRET 524 658 879 00027\u2013 APE 8559A Cr\u00e9ation, D\u00e9veloppement, H\u00e9bergement : Force Interactive https:\/\/www.force-interactive.com\/[\/vc_column_text][\/vc_column][vc_column width=&#8221;1\/6&#8243;][\/vc_column][\/vc_row]\" \/>\n<meta property=\"og:url\" content=\"https:\/\/www.ecole-de-langues-orleans.com\/en\/mentions-legales\/\" \/>\n<meta property=\"og:site_name\" content=\"Prestige Interlanguage\" \/>\n<meta property=\"article:modified_time\" content=\"2020-05-27T14:38:51+00:00\" \/>\n<meta name=\"twitter:card\" content=\"summary_large_image\" \/>\n<script type=\"application\/ld+json\" class=\"yoast-schema-graph\">{\"@context\":\"https:\/\/schema.org\",\"@graph\":[{\"@type\":\"WebPage\",\"@id\":\"https:\/\/www.ecole-de-langues-orleans.com\/en\/mentions-legales\/\",\"url\":\"https:\/\/www.ecole-de-langues-orleans.com\/en\/mentions-legales\/\",\"name\":\"Legals | Prestige Interlanguage\",\"isPartOf\":{\"@id\":\"https:\/\/www.ecole-de-langues-orleans.com\/#website\"},\"datePublished\":\"2020-02-05T14:52:14+00:00\",\"dateModified\":\"2020-05-27T14:38:51+00:00\",\"breadcrumb\":{\"@id\":\"https:\/\/www.ecole-de-langues-orleans.com\/en\/mentions-legales\/#breadcrumb\"},\"inLanguage\":\"en-US\",\"potentialAction\":[{\"@type\":\"ReadAction\",\"target\":[\"https:\/\/www.ecole-de-langues-orleans.com\/en\/mentions-legales\/\"]}]},{\"@type\":\"BreadcrumbList\",\"@id\":\"https:\/\/www.ecole-de-langues-orleans.com\/en\/mentions-legales\/#breadcrumb\",\"itemListElement\":[{\"@type\":\"ListItem\",\"position\":1,\"name\":\"Accueil\",\"item\":\"https:\/\/www.ecole-de-langues-orleans.com\/\"},{\"@type\":\"ListItem\",\"position\":2,\"name\":\"Legals\"}]},{\"@type\":\"WebSite\",\"@id\":\"https:\/\/www.ecole-de-langues-orleans.com\/#website\",\"url\":\"https:\/\/www.ecole-de-langues-orleans.com\/\",\"name\":\"Prestige Interlanguage\",\"description\":\"Ecole de langues Orl\u00e9ans.\",\"publisher\":{\"@id\":\"https:\/\/www.ecole-de-langues-orleans.com\/#organization\"},\"potentialAction\":[{\"@type\":\"SearchAction\",\"target\":{\"@type\":\"EntryPoint\",\"urlTemplate\":\"https:\/\/www.ecole-de-langues-orleans.com\/?s={search_term_string}\"},\"query-input\":{\"@type\":\"PropertyValueSpecification\",\"valueRequired\":true,\"valueName\":\"search_term_string\"}}],\"inLanguage\":\"en-US\"},{\"@type\":\"Organization\",\"@id\":\"https:\/\/www.ecole-de-langues-orleans.com\/#organization\",\"name\":\"Prestige Interlanguage\",\"url\":\"https:\/\/www.ecole-de-langues-orleans.com\/\",\"logo\":{\"@type\":\"ImageObject\",\"inLanguage\":\"en-US\",\"@id\":\"https:\/\/www.ecole-de-langues-orleans.com\/#\/schema\/logo\/image\/\",\"url\":\"https:\/\/www.ecole-de-langues-orleans.com\/wp-content\/uploads\/2023\/05\/LOGO-PrestigeInterlanguage01-Copie.jpg\",\"contentUrl\":\"https:\/\/www.ecole-de-langues-orleans.com\/wp-content\/uploads\/2023\/05\/LOGO-PrestigeInterlanguage01-Copie.jpg\",\"width\":1069,\"height\":573,\"caption\":\"Prestige Interlanguage\"},\"image\":{\"@id\":\"https:\/\/www.ecole-de-langues-orleans.com\/#\/schema\/logo\/image\/\"}}]}<\/script>\n<!-- \/ Yoast SEO plugin. -->","yoast_head_json":{"title":"Legals | Prestige Interlanguage","robots":{"index":"index","follow":"follow","max-snippet":"max-snippet:-1","max-image-preview":"max-image-preview:large","max-video-preview":"max-video-preview:-1"},"canonical":"https:\/\/www.ecole-de-langues-orleans.com\/en\/mentions-legales\/","og_locale":"en_US","og_type":"article","og_title":"Legals | Prestige Interlanguage","og_description":"[vc_row][vc_column width=&#8221;1\/6&#8243;][\/vc_column][vc_column width=&#8221;4\/6&#8243;][vc_column_text]PRESTIGE INTERLANGUAGE 109 rue du petit bois F \u2013 45800 Saint Jean de Braye T\u00e9l\u00e9phone : 02 79 79 96 00 Contact : nous contacter SARL au capital social de 70000\u20ac SIRET 524 658 879 00027\u2013 APE 8559A Cr\u00e9ation, D\u00e9veloppement, H\u00e9bergement : Force Interactive https:\/\/www.force-interactive.com\/[\/vc_column_text][\/vc_column][vc_column width=&#8221;1\/6&#8243;][\/vc_column][\/vc_row]","og_url":"https:\/\/www.ecole-de-langues-orleans.com\/en\/mentions-legales\/","og_site_name":"Prestige Interlanguage","article_modified_time":"2020-05-27T14:38:51+00:00","twitter_card":"summary_large_image","schema":{"@context":"https:\/\/schema.org","@graph":[{"@type":"WebPage","@id":"https:\/\/www.ecole-de-langues-orleans.com\/en\/mentions-legales\/","url":"https:\/\/www.ecole-de-langues-orleans.com\/en\/mentions-legales\/","name":"Legals | Prestige Interlanguage","isPartOf":{"@id":"https:\/\/www.ecole-de-langues-orleans.com\/#website"},"datePublished":"2020-02-05T14:52:14+00:00","dateModified":"2020-05-27T14:38:51+00:00","breadcrumb":{"@id":"https:\/\/www.ecole-de-langues-orleans.com\/en\/mentions-legales\/#breadcrumb"},"inLanguage":"en-US","potentialAction":[{"@type":"ReadAction","target":["https:\/\/www.ecole-de-langues-orleans.com\/en\/mentions-legales\/"]}]},{"@type":"BreadcrumbList","@id":"https:\/\/www.ecole-de-langues-orleans.com\/en\/mentions-legales\/#breadcrumb","itemListElement":[{"@type":"ListItem","position":1,"name":"Accueil","item":"https:\/\/www.ecole-de-langues-orleans.com\/"},{"@type":"ListItem","position":2,"name":"Legals"}]},{"@type":"WebSite","@id":"https:\/\/www.ecole-de-langues-orleans.com\/#website","url":"https:\/\/www.ecole-de-langues-orleans.com\/","name":"Prestige Interlanguage","description":"Ecole de langues Orl\u00e9ans.","publisher":{"@id":"https:\/\/www.ecole-de-langues-orleans.com\/#organization"},"potentialAction":[{"@type":"SearchAction","target":{"@type":"EntryPoint","urlTemplate":"https:\/\/www.ecole-de-langues-orleans.com\/?s={search_term_string}"},"query-input":{"@type":"PropertyValueSpecification","valueRequired":true,"valueName":"search_term_string"}}],"inLanguage":"en-US"},{"@type":"Organization","@id":"https:\/\/www.ecole-de-langues-orleans.com\/#organization","name":"Prestige Interlanguage","url":"https:\/\/www.ecole-de-langues-orleans.com\/","logo":{"@type":"ImageObject","inLanguage":"en-US","@id":"https:\/\/www.ecole-de-langues-orleans.com\/#\/schema\/logo\/image\/","url":"https:\/\/www.ecole-de-langues-orleans.com\/wp-content\/uploads\/2023\/05\/LOGO-PrestigeInterlanguage01-Copie.jpg","contentUrl":"https:\/\/www.ecole-de-langues-orleans.com\/wp-content\/uploads\/2023\/05\/LOGO-PrestigeInterlanguage01-Copie.jpg","width":1069,"height":573,"caption":"Prestige Interlanguage"},"image":{"@id":"https:\/\/www.ecole-de-langues-orleans.com\/#\/schema\/logo\/image\/"}}]}},"_links":{"self":[{"href":"https:\/\/www.ecole-de-langues-orleans.com\/en\/wp-json\/wp\/v2\/pages\/8465","targetHints":{"allow":["GET"]}}],"collection":[{"href":"https:\/\/www.ecole-de-langues-orleans.com\/en\/wp-json\/wp\/v2\/pages"}],"about":[{"href":"https:\/\/www.ecole-de-langues-orleans.com\/en\/wp-json\/wp\/v2\/types\/page"}],"author":[{"embeddable":true,"href":"https:\/\/www.ecole-de-langues-orleans.com\/en\/wp-json\/wp\/v2\/users\/2"}],"replies":[{"embeddable":true,"href":"https:\/\/www.ecole-de-langues-orleans.com\/en\/wp-json\/wp\/v2\/comments?post=8465"}],"version-history":[{"count":1,"href":"https:\/\/www.ecole-de-langues-orleans.com\/en\/wp-json\/wp\/v2\/pages\/8465\/revisions"}],"predecessor-version":[{"id":9232,"href":"https:\/\/www.ecole-de-langues-orleans.com\/en\/wp-json\/wp\/v2\/pages\/8465\/revisions\/9232"}],"wp:attachment":[{"href":"https:\/\/www.ecole-de-langues-orleans.com\/en\/wp-json\/wp\/v2\/media?parent=8465"}],"curies":[{"name":"wp","href":"https:\/\/api.w.org\/{rel}","templated":true}]}}