{"id":5397,"date":"2019-09-18T16:34:13","date_gmt":"2019-09-18T14:34:13","guid":{"rendered":"https:\/\/www.ecole-de-langues-orleans.com\/contact-renseignement-cours-langues\/"},"modified":"2020-05-27T17:32:54","modified_gmt":"2020-05-27T15:32:54","slug":"contact-renseignement-cours-langues","status":"publish","type":"page","link":"https:\/\/www.ecole-de-langues-orleans.com\/en\/contact-renseignement-cours-langues\/","title":{"rendered":"Contact"},"content":{"rendered":"<p>[vc_row css=&#8221;.vc_custom_1568817521696{padding-top: 50px !important;padding-bottom: 50px !important;background-color: #ae9262 !important;}&#8221;][vc_column][vc_row_inner][vc_column_inner width=&#8221;1\/6&#8243;][\/vc_column_inner][vc_column_inner width=&#8221;4\/6&#8243;][vc_column_text]<\/p>\n<h2 style=\"text-align: center;\"><span style=\"color: #ffffff;\">Our training courses can take place either at PRESTIGE LANGUAGE school or at your company premises in Orl\u00e9ans and its area (Semoy, Ch\u00e9cy, Fleury-les-Aubrais, Olivet, Saran, Ingr\u00e9, Saint-Jean-de-la-Ruelle\u2026), or everywhere throughout France.<\/span><\/h2>\n<p>[\/vc_column_text][\/vc_column_inner][vc_column_inner width=&#8221;1\/6&#8243;][\/vc_column_inner][\/vc_row_inner][\/vc_column][\/vc_row][vc_row css=&#8221;.vc_custom_1568818070260{margin-top: 50px !important;}&#8221;][vc_column][vc_row_inner][vc_column_inner width=&#8221;1\/6&#8243;][\/vc_column_inner][vc_column_inner width=&#8221;4\/6&#8243; css=&#8221;.vc_custom_1568818056006{margin-bottom: 50px !important;}&#8221;][vc_column_text]<\/p>\n<h3 style=\"text-align: center;\">Prestige Interlanguage Contact<\/h3>\n<p style=\"text-align: center;\">109 Rue du Petit Bois &#8211; 45800 St Jean de Braye<\/p>\n<p>[\/vc_column_text][\/vc_column_inner][vc_column_inner width=&#8221;1\/6&#8243;][\/vc_column_inner][\/vc_row_inner][vc_row_inner][vc_column_inner width=&#8221;1\/6&#8243;][\/vc_column_inner][vc_column_inner width=&#8221;2\/6&#8243;][vc_column_text]<iframe loading=\"lazy\" style=\"border: 0;\" src=\"https:\/\/www.google.com\/maps\/embed?pb=!1m14!1m8!1m3!1d42782.71666949012!2d1.9453900164292492!3d47.91858940248918!3m2!1i1024!2i768!4f13.1!3m3!1m2!1s0x0%3A0x173879982cabfb08!2sPrestige%20Interlanguage!5e0!3m2!1sfr!2sfr!4v1568817934457!5m2!1sfr!2sfr\" width=\"100%\" height=\"300\" frameborder=\"0\" allowfullscreen=\"allowfullscreen\"><\/iframe>[\/vc_column_text][vc_btn title=&#8221;02 79 79 96 00&#8243; color=&#8221;chino&#8221; size=&#8221;lg&#8221; align=&#8221;left&#8221; i_icon_fontawesome=&#8221;fa fa-phone&#8221; add_icon=&#8221;true&#8221;][vc_btn title=&#8221;109 Rue du Petit Bois 45800 St Jean-de-Braye&#8221; color=&#8221;chino&#8221; size=&#8221;lg&#8221; align=&#8221;left&#8221; i_icon_fontawesome=&#8221;fa fa-map-marker&#8221; add_icon=&#8221;true&#8221;][\/vc_column_inner][vc_column_inner el_class=&#8221;contact&#8221; width=&#8221;2\/6&#8243;]\n<div class=\"wpcf7 no-js\" id=\"wpcf7-f9264-o1\" lang=\"en-US\" dir=\"ltr\" data-wpcf7-id=\"9264\">\n<div class=\"screen-reader-response\"><p role=\"status\" aria-live=\"polite\" aria-atomic=\"true\"><\/p> <ul><\/ul><\/div>\n<form action=\"\/en\/wp-json\/wp\/v2\/pages\/5397#wpcf7-f9264-o1\" method=\"post\" class=\"wpcf7-form init\" aria-label=\"Contact form\" novalidate=\"novalidate\" data-status=\"init\">\n<fieldset class=\"hidden-fields-container\"><input type=\"hidden\" name=\"_wpcf7\" value=\"9264\" \/><input type=\"hidden\" name=\"_wpcf7_version\" value=\"6.1\" \/><input type=\"hidden\" name=\"_wpcf7_locale\" value=\"en_US\" \/><input type=\"hidden\" name=\"_wpcf7_unit_tag\" value=\"wpcf7-f9264-o1\" \/><input type=\"hidden\" name=\"_wpcf7_container_post\" value=\"0\" \/><input type=\"hidden\" name=\"_wpcf7_posted_data_hash\" value=\"\" \/><input type=\"hidden\" name=\"_wpcf7_recaptcha_response\" value=\"\" \/>\n<\/fieldset>\n<p><label> <span class=\"wpcf7-form-control-wrap\" data-name=\"your-name\"><input size=\"40\" maxlength=\"400\" class=\"wpcf7-form-control wpcf7-text wpcf7-validates-as-required\" aria-required=\"true\" aria-invalid=\"false\" placeholder=\"Nom de famille*\" value=\"\" type=\"text\" name=\"your-name\" \/><\/span> <\/label>\n<\/p>\n<p><label> <span class=\"wpcf7-form-control-wrap\" data-name=\"prenom\"><input size=\"40\" maxlength=\"400\" class=\"wpcf7-form-control wpcf7-text wpcf7-validates-as-required\" aria-required=\"true\" aria-invalid=\"false\" placeholder=\"Pr\u00e9nom*\" value=\"\" type=\"text\" name=\"prenom\" \/><\/span> <\/label>\n<\/p>\n<p><label><span class=\"wpcf7-form-control-wrap\" data-name=\"your-email\"><input size=\"40\" maxlength=\"400\" class=\"wpcf7-form-control wpcf7-email wpcf7-validates-as-required wpcf7-text wpcf7-validates-as-email\" aria-required=\"true\" aria-invalid=\"false\" placeholder=\"Email*\" value=\"\" type=\"email\" name=\"your-email\" \/><\/span> <\/label>\n<\/p>\n<p><label><span class=\"wpcf7-form-control-wrap\" data-name=\"societe\"><input size=\"40\" maxlength=\"400\" class=\"wpcf7-form-control wpcf7-text\" aria-invalid=\"false\" placeholder=\"Professionnel ? Merci d&#039;indiquer le nom de votre soci\u00e9t\u00e9\" value=\"\" type=\"text\" name=\"societe\" \/><\/span> <\/label>\n<\/p>\n<p><label><span class=\"wpcf7-form-control-wrap\" data-name=\"codepostal\"><input size=\"40\" maxlength=\"400\" class=\"wpcf7-form-control wpcf7-text wpcf7-validates-as-required\" aria-required=\"true\" aria-invalid=\"false\" placeholder=\"Code postal*\" value=\"\" type=\"text\" name=\"codepostal\" \/><\/span> <\/label>\n<\/p>\n<p><label><span class=\"wpcf7-form-control-wrap\" data-name=\"ville\"><input size=\"40\" maxlength=\"400\" class=\"wpcf7-form-control wpcf7-text wpcf7-validates-as-required\" aria-required=\"true\" aria-invalid=\"false\" placeholder=\"Ville*\" value=\"\" type=\"text\" name=\"ville\" \/><\/span> <\/label>\n<\/p>\n<p><label><span class=\"wpcf7-form-control-wrap\" data-name=\"tel-779\"><input size=\"40\" maxlength=\"400\" class=\"wpcf7-form-control wpcf7-tel wpcf7-validates-as-required wpcf7-text wpcf7-validates-as-tel\" aria-required=\"true\" aria-invalid=\"false\" placeholder=\"T\u00e9l\u00e9phone*\" value=\"\" type=\"tel\" name=\"tel-779\" \/><\/span><\/label>\n<\/p>\n<p><label><span class=\"wpcf7-form-control-wrap\" data-name=\"menu-237\"><select class=\"wpcf7-form-control wpcf7-select wpcf7-validates-as-required\" aria-required=\"true\" aria-invalid=\"false\" name=\"menu-237\"><option value=\"Par quelle(s) langue(s) \u00eates-vous int\u00e9ress\u00e9(e) ? *\">Par quelle(s) langue(s) \u00eates-vous int\u00e9ress\u00e9(e) ? *<\/option><option value=\"Anglais\">Anglais<\/option><option value=\"Fran\u00e7ais\">Fran\u00e7ais<\/option><option value=\"Allemand\">Allemand<\/option><option value=\"Espagnol\">Espagnol<\/option><option value=\"Chinois\">Chinois<\/option><option value=\"Japonais\">Japonais<\/option><option value=\"Russe\">Russe<\/option><option value=\"Portugais\">Portugais<\/option><option value=\"Italien\">Italien<\/option><option value=\"N\u00e9erlandais\">N\u00e9erlandais<\/option><option value=\"Arabe\">Arabe<\/option><option value=\"Autre langue\">Autre langue<\/option><\/select><\/span><\/label>\n<\/p>\n<p><label><span class=\"wpcf7-form-control-wrap\" data-name=\"menu-239\"><select class=\"wpcf7-form-control wpcf7-select\" aria-invalid=\"false\" name=\"menu-239\"><option value=\"O\u00f9 pr\u00e9f\u00e9rez-vous r\u00e9aliser votre formation ?\">O\u00f9 pr\u00e9f\u00e9rez-vous r\u00e9aliser votre formation ?<\/option><option value=\"Au sein de mon entreprise\">Au sein de mon entreprise<\/option><option value=\"Chez P.I. \u00e0 St Jean de Braye\">Chez P.I. \u00e0 St Jean de Braye<\/option><\/select><\/span><\/label>\n<\/p>\n<p><label><span class=\"wpcf7-form-control-wrap\" data-name=\"menu-241\"><select class=\"wpcf7-form-control wpcf7-select\" aria-invalid=\"false\" name=\"menu-241\"><option value=\"Par quelle formule de formation \u00eates-vous int\u00e9ress\u00e9 ?\">Par quelle formule de formation \u00eates-vous int\u00e9ress\u00e9 ?<\/option><option value=\"Individuel (Face-\u00e0-Face)\">Individuel (Face-\u00e0-Face)<\/option><option value=\"Bin\u00f4me\">Bin\u00f4me<\/option><option value=\"Mini-groupe\">Mini-groupe<\/option><option value=\"Intensif\">Intensif<\/option><option value=\"T\u00e9l\u00e9phone\">T\u00e9l\u00e9phone<\/option><option value=\"Elearning\">Elearning<\/option><option value=\"Etudiant\">Etudiant<\/option><option value=\"Ecole Primaire \/ Coll\u00e8ge\">Ecole Primaire \/ Coll\u00e8ge<\/option><option value=\"Enfants\">Enfants<\/option><option value=\"Autre\">Autre<\/option><\/select><\/span><\/label>\n<\/p>\n<p><label><span class=\"wpcf7-form-control-wrap\" data-name=\"menu-243\"><select class=\"wpcf7-form-control wpcf7-select\" aria-invalid=\"false\" name=\"menu-243\"><option value=\"Financement\">Financement<\/option><option value=\"Personnel\">Personnel<\/option><option value=\"OPCO\">OPCO<\/option><option value=\"CPF MoncompteFormation\">CPF MoncompteFormation<\/option><option value=\"P\u00f4le Emploi\">P\u00f4le Emploi<\/option><option value=\"Mon employeur\">Mon employeur<\/option><option value=\"Autre\">Autre<\/option><\/select><\/span><\/label>\n<\/p>\n<p><label><span class=\"wpcf7-form-control-wrap\" data-name=\"textarea-346\"><textarea cols=\"40\" rows=\"10\" maxlength=\"2000\" class=\"wpcf7-form-control wpcf7-textarea\" aria-invalid=\"false\" placeholder=\"Indiquez votre message :\" name=\"textarea-346\"><\/textarea><\/span><\/label>\n<\/p>\n<p><input class=\"wpcf7-form-control wpcf7-submit has-spinner\" type=\"submit\" value=\"Envoyer la demande\" \/>\n<\/p><div class=\"wpcf7-response-output\" aria-hidden=\"true\"><\/div>\n<\/form>\n<\/div>\n[vc_column_text]GDPR : all informations collected through this contact form are recorded and processed in accordance with our data protection policy in order to be used in the context of the request for information on our services and the customer relationship that may result therefrom *.\u00a0Read carefully the information relating to the protection of your personal data.[\/vc_column_text][\/vc_column_inner][vc_column_inner width=&#8221;1\/6&#8243;][\/vc_column_inner][\/vc_row_inner][\/vc_column][\/vc_row][vc_row][vc_column width=&#8221;1\/3&#8243;][vc_single_image image=&#8221;4951&#8243; img_size=&#8221;full&#8221;][\/vc_column][vc_column width=&#8221;1\/3&#8243;][vc_single_image image=&#8221;4933&#8243; img_size=&#8221;full&#8221;][\/vc_column][vc_column width=&#8221;1\/3&#8243;][vc_single_image image=&#8221;4928&#8243; img_size=&#8221;medium&#8221;][\/vc_column][\/vc_row][vc_row][vc_column width=&#8221;1\/3&#8243;][\/vc_column][vc_column width=&#8221;1\/3&#8243;][\/vc_column][vc_column width=&#8221;1\/3&#8243;][\/vc_column][\/vc_row]<\/p>\n","protected":false},"excerpt":{"rendered":"<p>[vc_row css=&#8221;.vc_custom_1568817521696{padding-top: 50px !important;padding-bottom: 50px !important;background-color: #ae9262 !important;}&#8221;][vc_column][vc_row_inner][vc_column_inner width=&#8221;1\/6&#8243;][\/vc_column_inner][vc_column_inner width=&#8221;4\/6&#8243;][vc_column_text] Our training courses can take place either at PRESTIGE LANGUAGE school or at your company premises in Orl\u00e9ans and its area (Semoy, Ch\u00e9cy, Fleury-les-Aubrais, Olivet, Saran, Ingr\u00e9, Saint-Jean-de-la-Ruelle\u2026), or everywhere throughout France. [\/vc_column_text][\/vc_column_inner][vc_column_inner width=&#8221;1\/6&#8243;][\/vc_column_inner][\/vc_row_inner][\/vc_column][\/vc_row][vc_row css=&#8221;.vc_custom_1568818070260{margin-top: 50px !important;}&#8221;][vc_column][vc_row_inner][vc_column_inner width=&#8221;1\/6&#8243;][\/vc_column_inner][vc_column_inner width=&#8221;4\/6&#8243; css=&#8221;.vc_custom_1568818056006{margin-bottom: 50px !important;}&#8221;][vc_column_text] Prestige Interlanguage Contact [&#8230;]<\/p>\n","protected":false},"author":2,"featured_media":0,"parent":0,"menu_order":0,"comment_status":"closed","ping_status":"closed","template":"","meta":{"_acf_changed":false,"footnotes":""},"class_list":["post-5397","page","type-page","status-publish","hentry"],"acf":[],"yoast_head":"<!-- This site is optimized with the Yoast SEO plugin v25.5 - https:\/\/yoast.com\/wordpress\/plugins\/seo\/ -->\n<title>Contact | Prestige Interlanguage<\/title>\n<meta name=\"description\" content=\"Contacter Prestige Interlanguage pour des cours langues, formation anglais et autres langues, demande renseignements sur les formations langues\" \/>\n<meta name=\"robots\" content=\"index, follow, max-snippet:-1, max-image-preview:large, max-video-preview:-1\" \/>\n<link rel=\"canonical\" href=\"https:\/\/www.ecole-de-langues-orleans.com\/en\/contact-renseignement-cours-langues\/\" \/>\n<meta property=\"og:locale\" content=\"en_US\" \/>\n<meta property=\"og:type\" content=\"article\" \/>\n<meta property=\"og:title\" content=\"Contact | Prestige Interlanguage\" \/>\n<meta property=\"og:description\" content=\"Contacter Prestige Interlanguage pour des cours langues, formation anglais et autres langues, demande renseignements sur les formations langues\" \/>\n<meta property=\"og:url\" content=\"https:\/\/www.ecole-de-langues-orleans.com\/en\/contact-renseignement-cours-langues\/\" \/>\n<meta property=\"og:site_name\" content=\"Prestige Interlanguage\" \/>\n<meta property=\"article:modified_time\" content=\"2020-05-27T15:32:54+00:00\" \/>\n<meta name=\"twitter:card\" content=\"summary_large_image\" \/>\n<meta name=\"twitter:label1\" content=\"Est. reading time\" \/>\n\t<meta name=\"twitter:data1\" content=\"2 minutes\" \/>\n<script type=\"application\/ld+json\" class=\"yoast-schema-graph\">{\"@context\":\"https:\/\/schema.org\",\"@graph\":[{\"@type\":\"WebPage\",\"@id\":\"https:\/\/www.ecole-de-langues-orleans.com\/en\/contact-renseignement-cours-langues\/\",\"url\":\"https:\/\/www.ecole-de-langues-orleans.com\/en\/contact-renseignement-cours-langues\/\",\"name\":\"Contact | Prestige Interlanguage\",\"isPartOf\":{\"@id\":\"https:\/\/www.ecole-de-langues-orleans.com\/#website\"},\"datePublished\":\"2019-09-18T14:34:13+00:00\",\"dateModified\":\"2020-05-27T15:32:54+00:00\",\"description\":\"Contacter Prestige Interlanguage pour des cours langues, formation anglais et autres langues, demande renseignements sur les formations langues\",\"breadcrumb\":{\"@id\":\"https:\/\/www.ecole-de-langues-orleans.com\/en\/contact-renseignement-cours-langues\/#breadcrumb\"},\"inLanguage\":\"en-US\",\"potentialAction\":[{\"@type\":\"ReadAction\",\"target\":[\"https:\/\/www.ecole-de-langues-orleans.com\/en\/contact-renseignement-cours-langues\/\"]}]},{\"@type\":\"BreadcrumbList\",\"@id\":\"https:\/\/www.ecole-de-langues-orleans.com\/en\/contact-renseignement-cours-langues\/#breadcrumb\",\"itemListElement\":[{\"@type\":\"ListItem\",\"position\":1,\"name\":\"Accueil\",\"item\":\"https:\/\/www.ecole-de-langues-orleans.com\/\"},{\"@type\":\"ListItem\",\"position\":2,\"name\":\"Contact\"}]},{\"@type\":\"WebSite\",\"@id\":\"https:\/\/www.ecole-de-langues-orleans.com\/#website\",\"url\":\"https:\/\/www.ecole-de-langues-orleans.com\/\",\"name\":\"Prestige Interlanguage\",\"description\":\"Ecole de langues Orl\u00e9ans.\",\"publisher\":{\"@id\":\"https:\/\/www.ecole-de-langues-orleans.com\/#organization\"},\"potentialAction\":[{\"@type\":\"SearchAction\",\"target\":{\"@type\":\"EntryPoint\",\"urlTemplate\":\"https:\/\/www.ecole-de-langues-orleans.com\/?s={search_term_string}\"},\"query-input\":{\"@type\":\"PropertyValueSpecification\",\"valueRequired\":true,\"valueName\":\"search_term_string\"}}],\"inLanguage\":\"en-US\"},{\"@type\":\"Organization\",\"@id\":\"https:\/\/www.ecole-de-langues-orleans.com\/#organization\",\"name\":\"Prestige Interlanguage\",\"url\":\"https:\/\/www.ecole-de-langues-orleans.com\/\",\"logo\":{\"@type\":\"ImageObject\",\"inLanguage\":\"en-US\",\"@id\":\"https:\/\/www.ecole-de-langues-orleans.com\/#\/schema\/logo\/image\/\",\"url\":\"https:\/\/www.ecole-de-langues-orleans.com\/wp-content\/uploads\/2023\/05\/LOGO-PrestigeInterlanguage01-Copie.jpg\",\"contentUrl\":\"https:\/\/www.ecole-de-langues-orleans.com\/wp-content\/uploads\/2023\/05\/LOGO-PrestigeInterlanguage01-Copie.jpg\",\"width\":1069,\"height\":573,\"caption\":\"Prestige Interlanguage\"},\"image\":{\"@id\":\"https:\/\/www.ecole-de-langues-orleans.com\/#\/schema\/logo\/image\/\"}}]}<\/script>\n<!-- \/ Yoast SEO plugin. -->","yoast_head_json":{"title":"Contact | Prestige Interlanguage","description":"Contacter Prestige Interlanguage pour des cours langues, formation anglais et autres langues, demande renseignements sur les formations langues","robots":{"index":"index","follow":"follow","max-snippet":"max-snippet:-1","max-image-preview":"max-image-preview:large","max-video-preview":"max-video-preview:-1"},"canonical":"https:\/\/www.ecole-de-langues-orleans.com\/en\/contact-renseignement-cours-langues\/","og_locale":"en_US","og_type":"article","og_title":"Contact | Prestige Interlanguage","og_description":"Contacter Prestige Interlanguage pour des cours langues, formation anglais et autres langues, demande renseignements sur les formations langues","og_url":"https:\/\/www.ecole-de-langues-orleans.com\/en\/contact-renseignement-cours-langues\/","og_site_name":"Prestige Interlanguage","article_modified_time":"2020-05-27T15:32:54+00:00","twitter_card":"summary_large_image","twitter_misc":{"Est. reading time":"2 minutes"},"schema":{"@context":"https:\/\/schema.org","@graph":[{"@type":"WebPage","@id":"https:\/\/www.ecole-de-langues-orleans.com\/en\/contact-renseignement-cours-langues\/","url":"https:\/\/www.ecole-de-langues-orleans.com\/en\/contact-renseignement-cours-langues\/","name":"Contact | Prestige Interlanguage","isPartOf":{"@id":"https:\/\/www.ecole-de-langues-orleans.com\/#website"},"datePublished":"2019-09-18T14:34:13+00:00","dateModified":"2020-05-27T15:32:54+00:00","description":"Contacter Prestige Interlanguage pour des cours langues, formation anglais et autres langues, demande renseignements sur les formations langues","breadcrumb":{"@id":"https:\/\/www.ecole-de-langues-orleans.com\/en\/contact-renseignement-cours-langues\/#breadcrumb"},"inLanguage":"en-US","potentialAction":[{"@type":"ReadAction","target":["https:\/\/www.ecole-de-langues-orleans.com\/en\/contact-renseignement-cours-langues\/"]}]},{"@type":"BreadcrumbList","@id":"https:\/\/www.ecole-de-langues-orleans.com\/en\/contact-renseignement-cours-langues\/#breadcrumb","itemListElement":[{"@type":"ListItem","position":1,"name":"Accueil","item":"https:\/\/www.ecole-de-langues-orleans.com\/"},{"@type":"ListItem","position":2,"name":"Contact"}]},{"@type":"WebSite","@id":"https:\/\/www.ecole-de-langues-orleans.com\/#website","url":"https:\/\/www.ecole-de-langues-orleans.com\/","name":"Prestige Interlanguage","description":"Ecole de langues Orl\u00e9ans.","publisher":{"@id":"https:\/\/www.ecole-de-langues-orleans.com\/#organization"},"potentialAction":[{"@type":"SearchAction","target":{"@type":"EntryPoint","urlTemplate":"https:\/\/www.ecole-de-langues-orleans.com\/?s={search_term_string}"},"query-input":{"@type":"PropertyValueSpecification","valueRequired":true,"valueName":"search_term_string"}}],"inLanguage":"en-US"},{"@type":"Organization","@id":"https:\/\/www.ecole-de-langues-orleans.com\/#organization","name":"Prestige Interlanguage","url":"https:\/\/www.ecole-de-langues-orleans.com\/","logo":{"@type":"ImageObject","inLanguage":"en-US","@id":"https:\/\/www.ecole-de-langues-orleans.com\/#\/schema\/logo\/image\/","url":"https:\/\/www.ecole-de-langues-orleans.com\/wp-content\/uploads\/2023\/05\/LOGO-PrestigeInterlanguage01-Copie.jpg","contentUrl":"https:\/\/www.ecole-de-langues-orleans.com\/wp-content\/uploads\/2023\/05\/LOGO-PrestigeInterlanguage01-Copie.jpg","width":1069,"height":573,"caption":"Prestige Interlanguage"},"image":{"@id":"https:\/\/www.ecole-de-langues-orleans.com\/#\/schema\/logo\/image\/"}}]}},"_links":{"self":[{"href":"https:\/\/www.ecole-de-langues-orleans.com\/en\/wp-json\/wp\/v2\/pages\/5397","targetHints":{"allow":["GET"]}}],"collection":[{"href":"https:\/\/www.ecole-de-langues-orleans.com\/en\/wp-json\/wp\/v2\/pages"}],"about":[{"href":"https:\/\/www.ecole-de-langues-orleans.com\/en\/wp-json\/wp\/v2\/types\/page"}],"author":[{"embeddable":true,"href":"https:\/\/www.ecole-de-langues-orleans.com\/en\/wp-json\/wp\/v2\/users\/2"}],"replies":[{"embeddable":true,"href":"https:\/\/www.ecole-de-langues-orleans.com\/en\/wp-json\/wp\/v2\/comments?post=5397"}],"version-history":[{"count":8,"href":"https:\/\/www.ecole-de-langues-orleans.com\/en\/wp-json\/wp\/v2\/pages\/5397\/revisions"}],"predecessor-version":[{"id":9251,"href":"https:\/\/www.ecole-de-langues-orleans.com\/en\/wp-json\/wp\/v2\/pages\/5397\/revisions\/9251"}],"wp:attachment":[{"href":"https:\/\/www.ecole-de-langues-orleans.com\/en\/wp-json\/wp\/v2\/media?parent=5397"}],"curies":[{"name":"wp","href":"https:\/\/api.w.org\/{rel}","templated":true}]}}